{"id":1031,"date":"2025-07-05T14:49:54","date_gmt":"2025-07-05T14:49:54","guid":{"rendered":"https:\/\/www.ausoleil-alsace.com\/datenschutzhinweise\/"},"modified":"2025-07-25T16:01:21","modified_gmt":"2025-07-25T16:01:21","slug":"datenschutzhinweise","status":"publish","type":"page","link":"https:\/\/www.ausoleil-alsace.com\/de\/datenschutzhinweise\/","title":{"rendered":"Datenschutzhinweise"},"content":{"rendered":"\t\t<div data-elementor-type=\"wp-page\" data-elementor-id=\"1031\" class=\"elementor elementor-1031 elementor-832\" data-elementor-post-type=\"page\">\n\t\t\t\t<div class=\"elementor-element elementor-element-3fa2efc3 e-con-full e-flex e-con e-parent\" data-id=\"3fa2efc3\" data-element_type=\"container\" data-e-type=\"container\" id=\"next\" data-settings=\"{&quot;background_background&quot;:&quot;classic&quot;}\">\n\t\t<div class=\"elementor-element elementor-element-56b84712 e-con-full e-flex e-con e-child\" data-id=\"56b84712\" data-element_type=\"container\" data-e-type=\"container\">\n\t\t\t\t<\/div>\n\t\t\t\t<\/div>\n\t\t<div class=\"elementor-element elementor-element-d9dc062 e-flex e-con-boxed e-con e-parent\" data-id=\"d9dc062\" data-element_type=\"container\" data-e-type=\"container\">\n\t\t\t\t\t<div class=\"e-con-inner\">\n\t\t\t\t<div class=\"elementor-element elementor-element-6a179a7 elementor-widget elementor-widget-text-editor\" data-id=\"6a179a7\" data-element_type=\"widget\" data-e-type=\"widget\" data-widget_type=\"text-editor.default\">\n\t\t\t\t<div class=\"elementor-widget-container\">\n\t\t\t\t\t\t\t\t\t<h2>Inhalt<\/h2>\n<ul>\n<li data-start=\"73\" data-end=\"82\">Inhalt<\/li>\n<li data-start=\"73\" data-end=\"82\">Grundlegendes<\/li>\n<li data-start=\"73\" data-end=\"82\">Datenschutzhinweise f\u00fcr Kunden und Besucher der Websites<\/li>\n<li data-start=\"73\" data-end=\"82\">Definitionen<\/li>\n<li data-start=\"73\" data-end=\"82\">Rechte von betroffenen Personen<\/li>\n<li data-start=\"73\" data-end=\"82\">Informationen f\u00fcr Besucher unserer Webseite<\/li>\n<li data-start=\"73\" data-end=\"82\">Erhebung personenbezogener Daten beim Besuch unserer Website<\/li>\n<li data-start=\"73\" data-end=\"82\"><span style=\"background-color: transparent;\">Kontaktformular und andere Formulare<\/span><\/li>\n<li data-start=\"73\" data-end=\"82\">Kinder<\/li>\n<li data-start=\"73\" data-end=\"82\">Informationen zu Google-Diensten<\/li>\n<li data-start=\"73\" data-end=\"82\">Google Analytics<\/li>\n<li data-start=\"73\" data-end=\"82\">L\u00f6schung von Daten<\/li>\n<li data-start=\"73\" data-end=\"82\">Datensicherheit<\/li>\n<li data-start=\"73\" data-end=\"82\">Name und Kontakt der Verantwortlichen gem\u00e4ss DSG<\/li>\n<li data-start=\"73\" data-end=\"82\">Rechte von betroffenen Personen<\/li>\n<\/ul>\n<h2>Grundlegendes<\/h2>\n<p>Die Webseiten von <strong>SCI AU SOLEIL<\/strong> (im Folgenden &#8222;<strong>AU SOLEIL<\/strong>&#8222;) unterliegen dem schweizerischen Datenschutzrecht, insbesondere dem DSG (Bundesgesetz \u00fcber den Datenschutz) und dem Fernmeldegesetz (FMG).<\/p>\n<p>Diese Datenschutzhinweise k\u00f6nnen jederzeit durch Ver\u00f6ffentlichung auf dieser Website angepasst werden. Der Zugriff auf diese Website erfolgt mittels Transportverschl\u00fcsselung (SSL \/ TLS). <\/p>\n<p>Nachfolgend erfahren Sie, wie wir welche Daten und zu welchem Zweck sowie auf welcher Rechtsgrundlage verarbeiten.<\/p>\n<h2>Datenschutzhinweise f\u00fcr Kunden und Besucher der Websites<\/h2>\n<p>Wir betrachten es als unsere vorrangige Aufgabe, die Vertraulichkeit der von Ihnen bereitgestellten personenbezogenen Daten zu wahren und diese vor unbefugten Zugriffen zu sch\u00fctzen. Deshalb wenden wir grosse Sorgfalt und moderne Sicherheitsstandards an, um einen hohen Schutz Ihrer personenbezogenen Daten zu gew\u00e4hrleisten. Wir haben technische und organisatorische Massnahmen getroffen, die sicherstellen, dass die Vorschriften \u00fcber den Datenschutz sowohl von uns als auch von unseren externen Dienstleistern beachtet werden.  <\/p>\n<p><strong>Diese Datenschutzhinweise gelten f\u00fcr diese Domain:<\/strong><\/p>\n<p><a href=\"https:\/\/ausoleil-alsace.com\/\">https:\/\/ausoleil-alsace.com\/<\/a><\/p>\n<p>Der Gesetzgeber fordert, dass personenbezogene Daten auf rechtm\u00e4ssige Weise, nach Treu und Glauben und in einer f\u00fcr die betroffene Person nachvollziehbaren Weise verarbeitet werden (\u201eRechtm\u00e4ssigkeit, Verarbeitung nach Treu und Glauben, Transparenz\u201c). Um dies zu gew\u00e4hrleisten, informieren wir Sie \u00fcber die einzelnen gesetzlichen Begriffsbestimmungen, die auch in diesen Datenschutzhinweisen verwendet werden. <\/p>\n<p>SCI AU SOLEIL verarbeitet pers\u00f6nliche Daten nur so lange, wie es f\u00fcr die Zwecke, f\u00fcr die sie gesammelt wurden, erforderlich ist.<\/p>\n<p>Im Falle von gesetzlichen oder anderen Verpflichtungen, die eine l\u00e4ngere Aufbewahrung erfordern, schr\u00e4nkt SCI AU SOLEIL die Verarbeitung der Daten entsprechend ein.<\/p>\n<h2>Rechte von betroffenen Personen<\/h2>\n<p>Besucher dieser Website sowie andere Personen, deren personenbezogene Daten von SCI AU SOLEIL verarbeitet werden, k\u00f6nnen kostenlos eine Best\u00e4tigung \u00fcber die Verarbeitung ihrer personenbezogenen Daten durch SCI AU SOLEIL anfordern und gegebenenfalls Informationen \u00fcber diese Verarbeitung erhalten, die Verarbeitung ihrer personenbezogenen Daten einschr\u00e4nken, ihre personenbezogenen Daten berichtigen, l\u00f6schen (&#8222;Recht auf Vergessenwerden&#8220;) oder sperren, erteilte Einwilligungen widerrufen und sich der Verarbeitung ihrer personenbezogenen Daten widersetzen. Wenn die personenbezogenen Daten aufgrund von Aufbewahrungspflichten oder anderen gesetzlichen Vorschriften nicht gel\u00f6scht werden k\u00f6nnen, wird ihre Verarbeitung gesperrt oder eingeschr\u00e4nkt. <\/p>\n<p>Bitte beachten Sie, dass wir bei solchen Anfragen sicherstellen m\u00fcssen, dass es sich jeweils tats\u00e4chlich um die betroffene Person handelt, bevor wir jegliche Ausk\u00fcnfte erteilen.<\/p>\n<p>Personen, deren personenbezogene Daten von SCI AU SOLEIL verarbeitet werden, haben ein Beschwerderecht bei der zust\u00e4ndigen Aufsichtsbeh\u00f6rde f\u00fcr den Datenschutz.<\/p>\n<p>Aufsichtsbeh\u00f6rde f\u00fcr den Datenschutz in der Schweiz ist der Eidgen\u00f6ssische Datenschutz- und \u00d6ffentlichkeitsbeauftragte (ED\u00d6B).<\/p>\n<p>Eine automatisierte Entscheidungsfindung findet auf unseren Websites nicht statt.<\/p>\n<p>Informationen f\u00fcr Besucher unserer Website<br>Nachfolgend informieren wir \u00fcber die Erhebung personenbezogener Daten bei der Nutzung unserer Website. Zu den personenbezogenen Daten geh\u00f6ren beispielsweise Name, Adresse, E-Mail-Adressen, Nutzerverhalten. <\/p>\n<p>Wenn Sie uns per E-Mail oder Telefon kontaktieren, werden die von Ihnen angegebenen Daten (Ihre E-Mail-Adresse, gegebenenfalls Ihr Name und Ihre Telefonnummer) gespeichert, um Ihre Fragen zu beantworten. Diese Daten werden gel\u00f6scht, sobald sie nicht mehr ben\u00f6tigt werden, oder ihre Verarbeitung wird eingeschr\u00e4nkt, wenn gesetzliche Aufbewahrungspflichten bestehen. <\/p>\n<p>Erhebung personenbezogener Daten beim Besuch unserer Website<br>Bei jedem Zugriff auf unsere Website werden automatisch Daten und Informationen von Ihrem Ger\u00e4t erfasst und in Server-Logfiles gespeichert. Diese Daten betreffen Informationen \u00fcber die Besucher der Website (identifizierte oder identifizierbare nat\u00fcrliche oder juristische Personen). Diese Daten werden von Ihrem Browser beim Aufruf unserer Website automatisch \u00fcbermittelt. Folgende Informationen werden gespeichert:   <\/p>\n<p>IP-Adresse, Datum und Uhrzeit der Anfrage, Zeitunterschied zu GMT, Inhalt der Anfrage (genaue Seite), Zugriffsstatuscode\/HTTPS-Code, \u00fcbertragene Datenmenge, Website, von der die Anfrage stammt, Browser, Betriebssystem und Schnittstelle sowie Sprache und Version der Browsersoftware.<\/p>\n<p>Der Zweck dieser Verarbeitung besteht darin, den Zugriff auf unsere Website von Ihrem Ger\u00e4t aus zu erm\u00f6glichen und eine korrekte Darstellung unserer Website auf Ihrem Ger\u00e4t oder in Ihrem Browser sicherzustellen. Diese Daten dienen uns auch dazu, unsere Website zu optimieren und die Sicherheit unserer Systeme zu gew\u00e4hrleisten. <\/p>\n<p>Unser Hosting-Server ist Empf\u00e4nger dieser Daten. Er handelt f\u00fcr uns im Rahmen eines Unterauftragsvertrags; die Daten werden in der Schweiz gespeichert. <\/p>\n<p>Adresse: METANET AG, Josefstrasse 218, 8005 Z\u00fcrich<\/p>\n<p>Informationen zum Datenschutz:<br><a href=\"https:\/\/www.metanet.ch\/about_metanet\/rechtliches\" target=\"_blank\" rel=\"noopener\">https:\/\/www.metanet.ch\/about_metanet\/rechtliches<\/a><\/p>\n<p>Die Rechtsgrundlage f\u00fcr diese Verarbeitung ist das DSG (Datenschutzgesetz). Wir haben ein berechtigtes Interesse daran, Ihnen eine f\u00fcr Ihren Browser optimierte Website anzubieten und die Kommunikation zwischen unserem Server und Ihrem Ger\u00e4t zu erm\u00f6glichen. <\/p>\n<p>Eine Zusammenf\u00fchrung dieser Daten mit anderen Datenquellen wird nicht vorgenommen. Wir behalten uns vor, diese Daten bei konkreten Hinweisen auf eine rechtswidrige Nutzung nachtr\u00e4glich zu pr\u00fcfen. <\/p>\n<p>Diese Datenerhebung dient in erster Linie der Analyse und Pr\u00e4vention von Angriffsversuchen auf die Website. Dar\u00fcber hinaus sind Hosting-Anbieter in bestimmten Situationen gesetzlich verpflichtet, Informationen \u00fcber die Herkunft der Zugriffe zur Verf\u00fcgung zu stellen, um kriminelle Aktivit\u00e4ten zu bek\u00e4mpfen. <\/p>\n<p>F\u00fcr die Darstellung der Website werden Google Web Fonts verwendet. Dies erfordert eine Verbindung zum Google-Server. <\/p>\n<p>Google ist Swiss-US Privacy Shield-zertifiziert und garantiert somit die Einhaltung des Datenschutzes.<\/p>\n<p>Informationen zu Google und dessen Datenschutzrichtlinien:<\/p>\n<p>Adresse: Google Ireland Limited (\u201eGoogle\u201c), Gordon House, Barrow Street, Dublin 4, Irland<\/p>\n<p>Informationen zum Datenschutz und zum Privacy Shield:<br><a href=\"https:\/\/policies.google.com\/privacy?gl=de\" target=\"_blank\" rel=\"noopener\">https:\/\/policies.google.com\/privacy?gl=de<\/a><br><a href=\"https:\/\/www.privacyshield.gov\/list\" target=\"_blank\" rel=\"noopener\">https:\/\/www.privacyshield.gov\/list<\/a><\/p>\n<p>The legal basis for this processing is the LPD. We have a legitimate interest in providing you with a website that is optimized for your browser. <\/p>\n<h2>Kontaktformular und andere Formulare<\/h2>\n<p>Auf unserer Website finden Sie ein Kontaktformular, \u00fcber das Sie uns elektronisch kontaktieren k\u00f6nnen. Wenn Sie dieses Kontaktformular verwenden, werden die Daten, die Sie in die Eingabefelder eingeben, von uns verarbeitet. <\/p>\n<p>Beim Absenden des Formulars werden au\u00dferdem folgende Daten gespeichert:<\/p>\n<ul>\n<li>Ihre IP-Adresse<\/li>\n<li>Datum und Uhrzeit der Absendung<\/li>\n<\/ul>\n<p>Sie k\u00f6nnen uns auch telefonisch oder per E-Mail \u00fcber die Rubrik &#8222;Kontakt&#8220; erreichen. Wenn Sie uns eine E-Mail senden, werden alle darin enthaltenen Informationen verarbeitet, um Ihre Anfrage zu beantworten. <\/p>\n<p>Der Zweck der Verarbeitung der personenbezogenen Daten, die im Rahmen der obligatorischen Angaben sowie der freiwilligen Angaben bereitgestellt werden, besteht darin, Ihre Kontaktanfrage zu bearbeiten und mit Ihnen in Verbindung zu treten, um Ihre Anfrage zu beantworten.<\/p>\n<p>Die Rechtsgrundlage f\u00fcr die Verarbeitung der personenbezogenen Daten, die Sie im Rahmen der Kontaktaufnahme angeben, ist das Schweizer Datenschutzgesetz (DSG).<\/p>\n<p>Die anderen beim Absenden verarbeiteten personenbezogenen Daten (IP-Adresse, Datum und Uhrzeit des Absendens) dienen dazu, Missbrauch unseres Kontaktformulars zu verhindern.<\/p>\n<p>Die Rechtsgrundlage hierf\u00fcr ist unser berechtigtes Interesse gem\u00e4\u00df dem Datenschutzgesetz (DSG). Wir haben ein berechtigtes Interesse daran, Missbr\u00e4uche unseres Kontaktformulars zu verhindern oder nachweisen zu k\u00f6nnen. <\/p>\n<p>Die Daten werden gel\u00f6scht, sobald sie f\u00fcr die Erreichung des Zwecks, f\u00fcr den sie erhoben wurden, nicht mehr erforderlich sind.<\/p>\n<p>Empf\u00e4nger der Daten ist unser Server-Host, der im Rahmen eines Auftragsdatenverarbeitungsvertrags f\u00fcr uns t\u00e4tig ist.<\/p>\n<p>Die Daten werden so lange gespeichert, wie es f\u00fcr die Bearbeitung Ihrer Anfrage erforderlich ist, und anschlie\u00dfend gegebenenfalls gem\u00e4\u00df den gesetzlichen Bestimmungen aufbewahrt oder gel\u00f6scht.<\/p>\n<p>Wir geben diese Daten ohne Ihre Zustimmung nicht an Dritte weiter.<\/p>\n<p>Die Bereitstellung personenbezogener Daten ist weder gesetzlich noch vertraglich vorgeschrieben und auch nicht f\u00fcr den Abschluss eines Vertrags erforderlich. Sie sind daher nicht verpflichtet, Ihre personenbezogenen Daten anzugeben. Wenn Sie diese jedoch nicht angeben, k\u00f6nnen Sie unser Kontaktformular nicht nutzen.  <\/p>\n<h2>Kinder<\/h2>\n<p>Unser Angebot richtet sich in erster Linie an Erwachsene. Personen unter 18 Jahren d\u00fcrfen ohne Zustimmung ihrer Eltern oder Erziehungsberechtigten keine personenbezogenen Daten \u00fcbermitteln. <\/p>\n<h2>Informationen zu Google-Diensten<\/h2>\n<p>Wir nutzen auf unserer Website verschiedene Dienste der Google Ireland Limited (\u201eGoogle\u201c), Gordon House, Barrow Street, Dublin 4, Irland.<\/p>\n<p>Ausf\u00fchrliche Informationen zu den spezifischen Google-Diensten, die wir auf dieser Website verwenden, finden Sie in den anderen Datenschutzhinweisen.<\/p>\n<p>Durch die Integration von Google-Diensten sammelt und verarbeitet Google m\u00f6glicherweise Informationen (einschlie\u00dflich personenbezogener Daten).<\/p>\n<p>Es kann nicht ausgeschlossen werden, dass Google diese Informationen an einen Server in einem Drittland \u00fcbertr\u00e4gt.<\/p>\n<p>Wie in der Privacy Shield-Zertifizierung von Google angegeben (einsehbar unter <a href=\"https:\/\/www.privacyshield.gov\/list\" target=\"_blank\" rel=\"noopener\">https:\/\/www.privacyshield.gov\/list<\/a> unter dem Suchbegriff \u201eGoogle\u201c), verpflichtet sich Google zur Einhaltung des Swiss-US Privacy Shield-Rahmens hinsichtlich der Erfassung, Verwendung und Speicherung personenbezogener Daten aus der Schweiz.<\/p>\n<p>Google, einschlie\u00dflich Google LLC und seiner 100-prozentigen US-Tochtergesellschaften, hat zertifiziert, dass es die Grunds\u00e4tze des Privacy Shield einh\u00e4lt.<\/p>\n<p>Weitere Informationen finden Sie unter: <a href=\"https:\/\/www.google.de\/policies\/privacy\/frameworks\/\" target=\"_blank\" rel=\"noopener\">https:\/\/www.google.de\/policies\/privacy\/frameworks\/<\/a>.<\/p>\n<p>Wir haben keinen Einfluss darauf, welche Daten Google tats\u00e4chlich erhebt und verarbeitet. Google gibt jedoch an, dass im Allgemeinen folgende Informationen (einschlie\u00dflich personenbezogener Daten) verarbeitet werden k\u00f6nnen: <\/p>\n<ul>\n<li>Protokolldaten (einschlie\u00dflich der IP-Adresse)<\/li>\n<li>Standortinformationen<\/li>\n<li>Eindeutige Identifikationsnummern der Anwendung<\/li>\n<li>Cookies und \u00e4hnliche Technologien<\/li>\n<\/ul>\n<p>Wenn Sie in Ihrem Google-Konto angemeldet sind, kann Google die verarbeiteten Informationen gem\u00e4\u00df Ihren Einstellungen mit Ihrem Konto verkn\u00fcpfen und sie als pers\u00f6nliche Daten betrachten, siehe insbesondere: https: <a href=\"https:\/\/www.google.de\/policies\/privacy\/partners\" target=\"_blank\" rel=\"noopener\">\/\/www.google.de\/policies\/privacy\/partners<\/a>.<\/p>\n<p>Google erkl\u00e4rt insbesondere:<\/p>\n<p>\u201eIn einigen F\u00e4llen verkn\u00fcpfen wir personenbezogene Daten aus einem Dienst mit Informationen und personenbezogenen Daten aus anderen Google-Diensten. Dies erleichtert Ihnen beispielsweise das Teilen von Inhalten mit Ihren Freunden und Bekannten. Je nach Ihren Kontoeinstellungen k\u00f6nnen Ihre Aktivit\u00e4ten auf anderen Websites und in anderen Anwendungen mit Ihren personenbezogenen Daten verkn\u00fcpft werden, um die Google-Dienste und die von Google angezeigte Werbung zu verbessern.\u201c (<a href=\"https:\/\/www.google.com\/intl\/de\/policies\/privacy\/index.html\" target=\"_blank\" rel=\"noopener\">https:\/\/www.google.com\/intl\/de\/policies\/privacy\/index.html<\/a>)<\/p>\n<p>Sie k\u00f6nnen diese Verkn\u00fcpfung verhindern, indem Sie sich von Ihrem Google-Konto abmelden oder Ihre Google-Kontoeinstellungen anpassen.<\/p>\n<p>Weitere Informationen finden Sie in der Datenschutzerkl\u00e4rung von Google hier: <a href=\"https:\/\/www.google.com\/policies\/privacy\/\" target=\"_blank\" rel=\"noopener\">https:\/\/www.google.com\/policies\/privacy\/<\/a><\/p>\n<p>Um Ihre Google-Datenschutzeinstellungen zu verwalten, gehen Sie zu: <a href=\"https:\/\/privacy.google.com\/take-control.html\" target=\"_blank\" rel=\"noopener\">https:\/\/privacy.google.com\/take-control.html<\/a><\/p>\n<h3>Google Analytics<\/h3>\n<p>Wir nutzen auf unserer Webseite Google Analytics, einen Webanalysedienst der Google Ireland Limited (\u201eGoogle\u201c), Gordon House, Barrow Street, Dublin 4, Irland.<\/p>\n<p>Google Analytics verwendet sogenannte \u201eCookies\u201c, Textdateien, die auf Ihrem Ger\u00e4t gespeichert werden und die eine Analyse der Benutzung der durch Sie besuchten Webseiten erm\u00f6glichen. Google Analytics kann auch sogenannte Web Beacons (nicht sichtbare Grafiken) verwenden. Durch diese Web Beacons k\u00f6nnen Informationen wie der Besucherverkehr auf Webseiten ausgewertet werden. <\/p>\n<p>Die durch Cookies und Web Beacons erzeugten Informationen \u00fcber die Benutzung unserer Webseite (einschliesslich der IP-Adresse der Nutzer) werden an einen Server von Google, m\u00f6glicherweise in den USA oder anderen Drittstaaten, \u00fcbertragen und dort gespeichert. Diese Informationen k\u00f6nnen von Google an Vertragspartner von Google weitergegeben werden. Google kann diese Daten an Vertragspartner weitergeben.<\/p>\n<p>Informationen zur vorhandenen Privacy-Shield-Zertifizierung von Google und weiteren relevanten Daten zur Datenverarbeitung durch Google im Rahmen der Nutzung der Google Dienste finden Sie in dieser Datenschutzerkl\u00e4rung unter dem Abschnitt \u201eInformationen zu Google-Diensten\u201c.<\/p>\n<p>Zu den von Google Analytics verarbeiteten Datenkategorien geh\u00f6ren insbesondere:<\/p>\n<ul>\n<li>Online-Identifizierungen (einschlie\u00dflich Cookie-Identifizierungen)<\/li>\n<li>IP-Adresse<\/li>\n<li>Ger\u00e4tekennungen<\/li>\n<\/ul>\n<p>Weitere Informationen \u00fcber die von Google gesammelten Daten finden Sie unter:<br><a href=\"https:\/\/www.google.com\/intl\/fr\/policies\/privacy\/#infocollect\" target=\"_blank\" rel=\"noopener\">https:\/\/www.google.com\/intl\/fr\/policies\/privacy\/#infocollect<\/a><br><a href=\"https:\/\/privacy.google.com\/businesses\/adsservices\/\" target=\"_blank\" rel=\"noopener\">https:\/\/privacy.google.com\/businesses\/adsservices\/<\/a><\/p>\n<p>Wir verwenden Google Analytics ausschlie\u00dflich mit aktivierter IP-Anonymisierung (\u201eanonymize IP\u201c). So k\u00fcrzt Google Ihre IP-Adresse in der Europ\u00e4ischen Union. Nur in Ausnahmef\u00e4llen wird die volle IP-Adresse an einen Server von Google in den USA \u00fcbertragen und dort gek\u00fcrzt.<\/p>\n<p>Weiterhin haben wir f\u00fcr den Einsatz von Google Analytics mit Google einen Vertrag zur Auftragsverarbeitung geschlossen (Art. 28 DSGVO). Google verarbeitet die Daten in unserem Auftrag, um Ihre Nutzung der Webseite auszuwerten, um Reports \u00fcber die Webseitenaktivit\u00e4ten f\u00fcr uns zusammenzustellen und um weitere mit der Webseitennutzung und der Internetnutzung verbundene Dienstleistungen uns gegen\u00fcber zu erbringen. Google kann diese Informationen gegebenenfalls an Dritte \u00fcbertragen, sofern dies gesetzlich vorgeschrieben ist oder soweit Dritte diese Daten im Auftrag von Google verarbeiten.<\/p>\n<p>Durch die Einbindung von Google Analytics verfolgen wir den Zweck, das Nutzerverhalten auf unserer Webseite zu analysieren und hierauf reagieren zu k\u00f6nnen. Dadurch k\u00f6nnen wir unser Angebot kontinuierlich verbessern.<\/p>\n<p>Rechtsgrundlage f\u00fcr die hier beschriebene Verarbeitung personenbezogener Daten ist das DSG.<\/p>\n<p>Im Rahmen der Auftragsverarbeitung ist Google berechtigt, Subunternehmer zu beauftragen. Eine Liste dieser Subunternehmer k\u00f6nnen Sie unter https:\/\/privacy.google.com\/businesses\/subprocessors\/ finden.<br><a href=\"https:\/\/privacy.google.com\/businesses\/subprocessors\/\" target=\"_blank\" rel=\"noopener\">https:\/\/privacy.google.com\/businesses\/subprocessors\/<\/a><\/p>\n<p>Die verarbeiteten Informationen werden nur so lange gespeichert, wie dies f\u00fcr den vorgesehenen Zweck notwendig oder gesetzlich vorgeschrieben ist.<\/p>\n<p>Weitere Informationen zum Datenumgang im Zusammenhang mit Google Analytics entnehmen Sie bitte der Datenschutzerkl\u00e4rung von Google:<br><a href=\"https:\/\/support.google.com\/analytics\/answer\/6004245?hl=fr\" target=\"_blank\" rel=\"noopener\">https:\/\/support.google.com\/analytics\/answer\/6004245?hl=fr<\/a><\/p>\n<p>Hinweise zu den Privatsph\u00e4reeinstellungen von Google finden Sie unter<br><a href=\"https:\/\/privacy.google.com\/take-control.html?categories_activeEl=sign-in\" target=\"_blank\" rel=\"noopener\">https:\/\/privacy.google.com\/take-control.html?categories_activeEl=sign-in<\/a><\/p>\n<h2>L\u00f6schung von Daten<\/h2>\n<p>Wir l\u00f6schen personenbezogene Daten grunds\u00e4tzlich dann, wenn kein Erfordernis f\u00fcr eine weitere Speicherung besteht. Ein Erfordernis kann insbesondere dann bestehen, wenn die Daten noch ben\u00f6tigt werden, um vertragliche Leistungen zur erf\u00fcllen, Gew\u00e4hrleistungs- und ggf. Garantieanspr\u00fcche pr\u00fcfen und gew\u00e4hren oder abwehren zu k\u00f6nnen. Im Falle von gesetzlichen Aufbewahrungspflichten kommt eine L\u00f6schung erst nach Ablauf der jeweiligen Aufbewahrungspflicht in Betracht.<\/p>\n<h2>Datensicherheit<\/h2>\n<p>Wir sichern unsere Webseite und sonstigen Systeme durch technische und organisatorische Massnahmen gegen Verlust, Zerst\u00f6rung, Zugriff, Ver\u00e4nderung oder Verbreitung Ihrer Daten durch unbefugte Personen. Trotz regelm\u00e4ssiger Kontrollen ist ein vollst\u00e4ndiger Schutz gegen alle Gefahren jedoch nicht m\u00f6glich.<\/p>\n<h2>Name und Kontakt der Verantwortlichen gem\u00e4ss DSG<\/h2>\n<p>Anfragen von Aufsichtsbeh\u00f6rden und betroffenen Personen erreichen uns in der Regel per E-Mail, sind aber auch per Briefpost m\u00f6glich:<\/p>\n<p><strong>SCI AU SOLEIL<\/strong><\/p><p><strong>68440, Steinbrunn-le-bas<br><\/strong><strong>Frankreich<br><\/strong><strong><a href=\"https:\/\/ausoleil-alsace.com\/sciausoleil68@gmail.com\">sciausoleil68@gmail.com<\/a><\/strong><\/p>\n<h2>Betroffenenrechte<\/h2>\n<p>Sie haben grunds\u00e4tzlich die gleichen Rechte, wie wir sie in der Datenschutzerkl\u00e4rung f\u00fcr unsere Website beschrieben haben:<\/p>\n<p>(1) Auskunftsrecht<br>(2) Recht auf Berichtigung<br>(3) Recht auf L\u00f6schung<br>(4) Recht auf Einschr\u00e4nkung der Verarbeitung<br>(5) Recht auf Daten\u00fcbertragbarkeit<br>(6) Widerspruchsrecht<br>(7) Recht auf Beschwerde bei einer Aufsichtsbeh\u00f6rde<\/p>\n<p>Gem\u00e4ss DSG haben Sie das Recht, einmal erteilte Einwilligungen jederzeit zu widerrufen \u2013 dies gilt f\u00fcr die Zukunft und ber\u00fchrt die Rechtm\u00e4ssigkeit der aufgrund der Einwilligung bis zum Widerruf erfolgten Verarbeitung nicht.<\/p>\n<p>Sie k\u00f6nnen diese Rechte uns gegen\u00fcber geltend machen (s. auch \u201cVerantwortung bez\u00fcglich der Verarbeitung der Insights Daten\u201d weiter oben). M\u00f6chten Sie Ihre Rechte uns gegen\u00fcber geltend machen, kontaktieren Sie uns bitte unter der E-Mail Adresse sciausoleil68@gmail.com und erl\u00e4utern uns m\u00f6glichst genau Ihr konkretes Anliegen.<\/p>\n<p>Ihnen steht ein Widerspruchsrecht betreffend die Verarbeitung durch Cookies zu. Sie k\u00f6nnen dies z.B. wie folgt wahrnehmen:<\/p>\n<p>Sie k\u00f6nnen das Setzen von Cookies in Ihren Browser-Einstellungen einschr\u00e4nken oder komplett verhindern. Sie k\u00f6nnen genauso die automatische L\u00f6schung von Cookies beim Schliessen des Browser-Fensters veranlassen. Unter den unten aufgef\u00fchrten Links erfahren Sie, wie Sie Cookie-Einstellungen \u00e4ndern oder in den am meisten verbreiteten Browsern l\u00f6schen k\u00f6nnen:<\/p>\n<p>Apple Safari : <a href=\"https:\/\/support.apple.com\/de-de\/guide\/safari\/sfri11471\/mac\" target=\"_blank\" rel=\"noopener\">https:\/\/support.apple.com\/de-de\/guide\/safari\/sfri11471\/mac<\/a><br>Google Chrome : <a href=\"https:\/\/support.google.com\/chrome\/answer\/95647?hl=de\" target=\"_blank\" rel=\"noopener\">https:\/\/support.google.com\/chrome\/answer\/95647?hl=de<\/a><br>Microsoft Internet Explorer : <a href=\"https:\/\/support.microsoft.com\/de-de\/help\/17442\/windows-internet-explorer-delete-manage-cookies\" target=\"_blank\" rel=\"noopener\">https:\/\/support.microsoft.com\/de-de\/help\/17442\/windows-internet-explorer-delete-manage-cookies<\/a><br>Mozilla Firefox : <a href=\"https:\/\/support.mozilla.org\/de\/kb\/cookies-und-website-daten-in-firefox-loschen?redirectlocale=de&amp;redirectslug=cookies-loeschen-daten-von-websites-entfernen\" target=\"_blank\" rel=\"noopener\">https:\/\/support.mozilla.org\/de\/kb\/cookies-und-website-daten-in-firefox-loschen?redirectlocale=de&amp;redirectslug=cookies-loeschen-daten-von-websites-entfernen<\/a><\/p>\n<p>Bei einigen Browsern wie Google Chrome oder Firefox k\u00f6nnen Sie die Speicherdauer der Cookies herausfinden, wenn Sie sich die Cookies zeigen lassen (\u00fcblicherweise durch Klicken auf das \u201ci\u201d neben der Adressleiste).<\/p>\n<p><strong>Letztmals ge\u00e4ndert am 07.07.2025<\/strong><\/p>\t\t\t\t\t\t\t\t<\/div>\n\t\t\t\t<\/div>\n\t\t\t\t\t<\/div>\n\t\t\t\t<\/div>\n\t\t\t\t<\/div>\n\t\t","protected":false},"excerpt":{"rendered":"<p>Inhalt Inhalt Grundlegendes Datenschutzhinweise f\u00fcr Kunden und Besucher der Websites Definitionen Rechte von betroffenen Personen Informationen f\u00fcr Besucher unserer Webseite Erhebung personenbezogener Daten beim Besuch unserer Website Kontaktformular und andere Formulare Kinder Informationen zu Google-Diensten Google Analytics L\u00f6schung von Daten Datensicherheit Name und Kontakt der Verantwortlichen gem\u00e4ss DSG Rechte von betroffenen Personen Grundlegendes Die Webseiten [&hellip;]<\/p>\n","protected":false},"author":1,"featured_media":1027,"parent":0,"menu_order":0,"comment_status":"closed","ping_status":"closed","template":"elementor_header_footer","meta":{"_acf_changed":false,"footnotes":""},"class_list":["post-1031","page","type-page","status-publish","has-post-thumbnail","hentry"],"acf":[],"_links":{"self":[{"href":"https:\/\/www.ausoleil-alsace.com\/de\/wp-json\/wp\/v2\/pages\/1031","targetHints":{"allow":["GET"]}}],"collection":[{"href":"https:\/\/www.ausoleil-alsace.com\/de\/wp-json\/wp\/v2\/pages"}],"about":[{"href":"https:\/\/www.ausoleil-alsace.com\/de\/wp-json\/wp\/v2\/types\/page"}],"author":[{"embeddable":true,"href":"https:\/\/www.ausoleil-alsace.com\/de\/wp-json\/wp\/v2\/users\/1"}],"replies":[{"embeddable":true,"href":"https:\/\/www.ausoleil-alsace.com\/de\/wp-json\/wp\/v2\/comments?post=1031"}],"version-history":[{"count":2,"href":"https:\/\/www.ausoleil-alsace.com\/de\/wp-json\/wp\/v2\/pages\/1031\/revisions"}],"predecessor-version":[{"id":1047,"href":"https:\/\/www.ausoleil-alsace.com\/de\/wp-json\/wp\/v2\/pages\/1031\/revisions\/1047"}],"wp:featuredmedia":[{"embeddable":true,"href":"https:\/\/www.ausoleil-alsace.com\/de\/wp-json\/wp\/v2\/media\/1027"}],"wp:attachment":[{"href":"https:\/\/www.ausoleil-alsace.com\/de\/wp-json\/wp\/v2\/media?parent=1031"}],"curies":[{"name":"wp","href":"https:\/\/api.w.org\/{rel}","templated":true}]}}